{"id":57,"date":"2022-04-21T11:37:09","date_gmt":"2022-04-21T11:37:09","guid":{"rendered":"https:\/\/www.patyipincehegy.hu\/?page_id=57"},"modified":"2022-04-21T13:14:15","modified_gmt":"2022-04-21T13:14:15","slug":"rendezveny-pince","status":"publish","type":"page","link":"https:\/\/www.patyipincehegy.hu\/?page_id=57","title":{"rendered":"Rendezv\u00e9ny Pince"},"content":{"rendered":"\t\t<div data-elementor-type=\"wp-page\" data-elementor-id=\"57\" class=\"elementor elementor-57\">\n\t\t\t\t\t\t\t\t\t<section class=\"elementor-section elementor-top-section elementor-element elementor-element-02c19e9 elementor-section-boxed elementor-section-height-default elementor-section-height-default\" data-id=\"02c19e9\" data-element_type=\"section\" data-settings=\"{&quot;shape_divider_top&quot;:&quot;opacity-tilt&quot;}\">\n\t\t\t\t\t<div class=\"elementor-shape elementor-shape-top\" data-negative=\"false\">\n\t\t\t<svg xmlns=\"http:\/\/www.w3.org\/2000\/svg\" viewBox=\"0 0 2600 131.1\" preserveAspectRatio=\"none\">\n\t<path class=\"elementor-shape-fill\" d=\"M0 0L2600 0 2600 69.1 0 0z\"\/>\n\t<path class=\"elementor-shape-fill\" style=\"opacity:0.5\" d=\"M0 0L2600 0 2600 69.1 0 69.1z\"\/>\n\t<path class=\"elementor-shape-fill\" style=\"opacity:0.25\" d=\"M2600 0L0 0 0 130.1 2600 69.1z\"\/>\n<\/svg>\t\t<\/div>\n\t\t\t\t\t<div class=\"elementor-container elementor-column-gap-wide\">\n\t\t\t\t\t<div class=\"elementor-column elementor-col-50 elementor-top-column elementor-element elementor-element-02f571b\" data-id=\"02f571b\" data-element_type=\"column\">\n\t\t\t<div class=\"elementor-widget-wrap elementor-element-populated\">\n\t\t\t\t\t\t\t\t<div class=\"elementor-element elementor-element-4d79337 elementor-widget elementor-widget-image\" data-id=\"4d79337\" data-element_type=\"widget\" data-widget_type=\"image.default\">\n\t\t\t\t<div class=\"elementor-widget-container\">\n\t\t\t<style>\/*! elementor - v3.6.4 - 13-04-2022 *\/\n.elementor-widget-image{text-align:center}.elementor-widget-image a{display:inline-block}.elementor-widget-image a img[src$=\".svg\"]{width:48px}.elementor-widget-image img{vertical-align:middle;display:inline-block}<\/style>\t\t\t\t\t\t\t\t\t\t\t\t<img width=\"640\" height=\"360\" src=\"https:\/\/www.patyipincehegy.hu\/wp-content\/uploads\/2022\/04\/maxresdefault-1024x576.jpg\" class=\"attachment-large size-large\" alt=\"\" loading=\"lazy\" srcset=\"https:\/\/www.patyipincehegy.hu\/wp-content\/uploads\/2022\/04\/maxresdefault-1024x576.jpg 1024w, https:\/\/www.patyipincehegy.hu\/wp-content\/uploads\/2022\/04\/maxresdefault-300x169.jpg 300w, https:\/\/www.patyipincehegy.hu\/wp-content\/uploads\/2022\/04\/maxresdefault-768x432.jpg 768w, https:\/\/www.patyipincehegy.hu\/wp-content\/uploads\/2022\/04\/maxresdefault.jpg 1280w\" sizes=\"(max-width: 640px) 100vw, 640px\" \/>\t\t\t\t\t\t\t\t\t\t\t\t\t\t\t<\/div>\n\t\t\t\t<\/div>\n\t\t\t\t\t<\/div>\n\t\t<\/div>\n\t\t\t\t<div class=\"elementor-column elementor-col-50 elementor-top-column elementor-element elementor-element-3a9e087\" data-id=\"3a9e087\" data-element_type=\"column\">\n\t\t\t<div class=\"elementor-widget-wrap elementor-element-populated\">\n\t\t\t\t\t\t\t\t<div class=\"elementor-element elementor-element-c54f5e1 elementor-widget elementor-widget-heading\" data-id=\"c54f5e1\" data-element_type=\"widget\" data-widget_type=\"heading.default\">\n\t\t\t\t<div class=\"elementor-widget-container\">\n\t\t\t<style>\/*! elementor - v3.6.4 - 13-04-2022 *\/\n.elementor-heading-title{padding:0;margin:0;line-height:1}.elementor-widget-heading .elementor-heading-title[class*=elementor-size-]>a{color:inherit;font-size:inherit;line-height:inherit}.elementor-widget-heading .elementor-heading-title.elementor-size-small{font-size:15px}.elementor-widget-heading .elementor-heading-title.elementor-size-medium{font-size:19px}.elementor-widget-heading .elementor-heading-title.elementor-size-large{font-size:29px}.elementor-widget-heading .elementor-heading-title.elementor-size-xl{font-size:39px}.elementor-widget-heading .elementor-heading-title.elementor-size-xxl{font-size:59px}<\/style><h1 class=\"elementor-heading-title elementor-size-xl\">Rendzv\u00e9ny Pince<\/h1>\t\t<\/div>\n\t\t\t\t<\/div>\n\t\t\t\t<div class=\"elementor-element elementor-element-f031a65 elementor-widget elementor-widget-text-editor\" data-id=\"f031a65\" data-element_type=\"widget\" data-widget_type=\"text-editor.default\">\n\t\t\t\t<div class=\"elementor-widget-container\">\n\t\t\t<style>\/*! elementor - v3.6.4 - 13-04-2022 *\/\n.elementor-widget-text-editor.elementor-drop-cap-view-stacked .elementor-drop-cap{background-color:#818a91;color:#fff}.elementor-widget-text-editor.elementor-drop-cap-view-framed .elementor-drop-cap{color:#818a91;border:3px solid;background-color:transparent}.elementor-widget-text-editor:not(.elementor-drop-cap-view-default) .elementor-drop-cap{margin-top:8px}.elementor-widget-text-editor:not(.elementor-drop-cap-view-default) .elementor-drop-cap-letter{width:1em;height:1em}.elementor-widget-text-editor .elementor-drop-cap{float:left;text-align:center;line-height:1;font-size:50px}.elementor-widget-text-editor .elementor-drop-cap-letter{display:inline-block}<\/style>\t\t\t\t<p>Lorem ipsum dolor sit amet, consectetur adipiscing elit. Ut elit tellus, luctus nec ullamcorper mattis, pulvinar dapibus leo.&nbsp;<span style=\"color: var( --e-global-color-text ); font-family: var( --e-global-typography-text-font-family ), Sans-serif; font-size: var( --e-global-typography-text-font-size ); font-style: var( --e-global-typography-text-font-style ); font-weight: var( --e-global-typography-text-font-weight ); letter-spacing: var( --e-global-typography-text-letter-spacing ); text-transform: var( --e-global-typography-text-text-transform ); background-color: var( --e-global-color-c696dce ); word-spacing: 0em;\">Lorem ipsum dolor sit amet, consectetur adipiscing elit. Ut elit tellus, luctus nec ullamcorper mattis, pulvinar dapibus leo.<\/span><\/p><p>Lorem ipsum dolor sit amet, consectetur adipiscing elit. Ut elit tellus, luctus nec ullamcorper mattis, pulvinar dapibus leo.<br><\/p><p>Lorem ipsum dolor sit amet, consectetur adipiscing elit. Ut elit tellus, luctus nec ullamcorper mattis, pulvinar dapibus leo.<br><\/p>\t\t\t\t\t\t<\/div>\n\t\t\t\t<\/div>\n\t\t\t\t\t<\/div>\n\t\t<\/div>\n\t\t\t\t\t\t\t<\/div>\n\t\t<\/section>\n\t\t\t\t<section class=\"elementor-section elementor-top-section elementor-element elementor-element-709a8d7 elementor-section-boxed elementor-section-height-default elementor-section-height-default\" data-id=\"709a8d7\" data-element_type=\"section\">\n\t\t\t\t\t\t<div class=\"elementor-container elementor-column-gap-default\">\n\t\t\t\t\t<div class=\"elementor-column elementor-col-100 elementor-top-column elementor-element elementor-element-89f7b8c\" data-id=\"89f7b8c\" data-element_type=\"column\">\n\t\t\t<div class=\"elementor-widget-wrap elementor-element-populated\">\n\t\t\t\t\t\t\t\t<div class=\"elementor-element elementor-element-f502e40 elementor-widget elementor-widget-image\" data-id=\"f502e40\" data-element_type=\"widget\" data-widget_type=\"image.default\">\n\t\t\t\t<div class=\"elementor-widget-container\">\n\t\t\t\t\t\t\t\t\t\t\t\t\t\t\t<img width=\"300\" height=\"174\" src=\"https:\/\/www.patyipincehegy.hu\/wp-content\/uploads\/2022\/04\/Szolo-1-300x174.png\" class=\"attachment-medium size-medium\" alt=\"\" loading=\"lazy\" srcset=\"https:\/\/www.patyipincehegy.hu\/wp-content\/uploads\/2022\/04\/Szolo-1-300x174.png 300w, https:\/\/www.patyipincehegy.hu\/wp-content\/uploads\/2022\/04\/Szolo-1.png 400w\" sizes=\"(max-width: 300px) 100vw, 300px\" \/>\t\t\t\t\t\t\t\t\t\t\t\t\t\t\t<\/div>\n\t\t\t\t<\/div>\n\t\t\t\t\t<\/div>\n\t\t<\/div>\n\t\t\t\t\t\t\t<\/div>\n\t\t<\/section>\n\t\t\t\t<section class=\"elementor-section elementor-top-section elementor-element elementor-element-5dadd3d elementor-section-boxed elementor-section-height-default elementor-section-height-default\" data-id=\"5dadd3d\" data-element_type=\"section\">\n\t\t\t\t\t\t<div class=\"elementor-container elementor-column-gap-default\">\n\t\t\t\t\t<div class=\"elementor-column elementor-col-20 elementor-top-column elementor-element elementor-element-2d01fab\" data-id=\"2d01fab\" data-element_type=\"column\">\n\t\t\t<div class=\"elementor-widget-wrap elementor-element-populated\">\n\t\t\t\t\t\t\t\t<div class=\"elementor-element elementor-element-9df402e elementor-widget elementor-widget-image\" data-id=\"9df402e\" data-element_type=\"widget\" data-widget_type=\"image.default\">\n\t\t\t\t<div class=\"elementor-widget-container\">\n\t\t\t\t\t\t\t\t\t\t\t\t\t\t\t<img src=\"https:\/\/www.patyipincehegy.hu\/wp-content\/uploads\/elementor\/thumbs\/weinkeller-pnoxlh898vp2q2uxp3nwsr1s3ucwygkes8gcmizuew.jpg\" title=\"weinkeller\" alt=\"weinkeller\" \/>\t\t\t\t\t\t\t\t\t\t\t\t\t\t\t<\/div>\n\t\t\t\t<\/div>\n\t\t\t\t\t<\/div>\n\t\t<\/div>\n\t\t\t\t<div class=\"elementor-column elementor-col-20 elementor-top-column elementor-element elementor-element-6539ae2\" data-id=\"6539ae2\" data-element_type=\"column\">\n\t\t\t<div class=\"elementor-widget-wrap elementor-element-populated\">\n\t\t\t\t\t\t\t\t<div class=\"elementor-element elementor-element-2e524c3 elementor-widget elementor-widget-image\" data-id=\"2e524c3\" data-element_type=\"widget\" data-widget_type=\"image.default\">\n\t\t\t\t<div class=\"elementor-widget-container\">\n\t\t\t\t\t\t\t\t\t\t\t\t\t\t\t<img src=\"https:\/\/www.patyipincehegy.hu\/wp-content\/uploads\/elementor\/thumbs\/f404ff7581d1c94f03564b5dab81ac1e-pnoxlfckv7mi2uxo02unnriux2m6j2cy3z5dnz2mrc.jpg\" title=\"f404ff7581d1c94f03564b5dab81ac1e\" alt=\"f404ff7581d1c94f03564b5dab81ac1e\" \/>\t\t\t\t\t\t\t\t\t\t\t\t\t\t\t<\/div>\n\t\t\t\t<\/div>\n\t\t\t\t\t<\/div>\n\t\t<\/div>\n\t\t\t\t<div class=\"elementor-column elementor-col-20 elementor-top-column elementor-element elementor-element-0ad44a8\" data-id=\"0ad44a8\" data-element_type=\"column\">\n\t\t\t<div class=\"elementor-widget-wrap elementor-element-populated\">\n\t\t\t\t\t\t\t\t<div class=\"elementor-element elementor-element-ab50cc4 elementor-widget elementor-widget-image\" data-id=\"ab50cc4\" data-element_type=\"widget\" data-widget_type=\"image.default\">\n\t\t\t\t<div class=\"elementor-widget-container\">\n\t\t\t\t\t\t\t\t\t\t\t\t\t\t\t<img src=\"https:\/\/www.patyipincehegy.hu\/wp-content\/uploads\/elementor\/thumbs\/c2f33e6e519ddb64a29f394bc2980627-pnoxleeqodl7r8z15kg139reboqtbd97ruhw6p40xk.jpg\" title=\"c2f33e6e519ddb64a29f394bc2980627\" alt=\"c2f33e6e519ddb64a29f394bc2980627\" \/>\t\t\t\t\t\t\t\t\t\t\t\t\t\t\t<\/div>\n\t\t\t\t<\/div>\n\t\t\t\t\t<\/div>\n\t\t<\/div>\n\t\t\t\t<div class=\"elementor-column elementor-col-20 elementor-top-column elementor-element elementor-element-bbc789a\" data-id=\"bbc789a\" data-element_type=\"column\">\n\t\t\t<div class=\"elementor-widget-wrap elementor-element-populated\">\n\t\t\t\t\t\t\t\t<div class=\"elementor-element elementor-element-43c79ef elementor-widget elementor-widget-image\" data-id=\"43c79ef\" data-element_type=\"widget\" data-widget_type=\"image.default\">\n\t\t\t\t<div class=\"elementor-widget-container\">\n\t\t\t\t\t\t\t\t\t\t\t\t\t\t\t<img src=\"https:\/\/www.patyipincehegy.hu\/wp-content\/uploads\/elementor\/thumbs\/180322-Furmint-Photo-Ka\u0301lva\u0301ria-Pince-furmint-pince-belso-pnoxleeqodl7r8z15kg139reboqtbd97ruhw6p40xk.jpg\" title=\"180322-Furmint-Photo-Ka\u0301lva\u0301ria-Pince-furmint-pince-bels\u0151\" alt=\"180322-Furmint-Photo-Ka\u0301lva\u0301ria-Pince-furmint-pince-bels\u0151\" \/>\t\t\t\t\t\t\t\t\t\t\t\t\t\t\t<\/div>\n\t\t\t\t<\/div>\n\t\t\t\t\t<\/div>\n\t\t<\/div>\n\t\t\t\t<div class=\"elementor-column elementor-col-20 elementor-top-column elementor-element elementor-element-ccbde8f\" data-id=\"ccbde8f\" data-element_type=\"column\">\n\t\t\t<div class=\"elementor-widget-wrap elementor-element-populated\">\n\t\t\t\t\t\t\t\t<div class=\"elementor-element elementor-element-3b5e6f5 elementor-widget elementor-widget-image\" data-id=\"3b5e6f5\" data-element_type=\"widget\" data-widget_type=\"image.default\">\n\t\t\t\t<div class=\"elementor-widget-container\">\n\t\t\t\t\t\t\t\t\t\t\t\t\t\t\t<img src=\"https:\/\/www.patyipincehegy.hu\/wp-content\/uploads\/elementor\/thumbs\/007-pnoxlcj2apin411rgjmrya8h4x02vz1r3l6x856ta0.jpg\" title=\"007\" alt=\"007\" \/>\t\t\t\t\t\t\t\t\t\t\t\t\t\t\t<\/div>\n\t\t\t\t<\/div>\n\t\t\t\t\t<\/div>\n\t\t<\/div>\n\t\t\t\t\t\t\t<\/div>\n\t\t<\/section>\n\t\t\t\t<section class=\"elementor-section elementor-top-section elementor-element elementor-element-c072d78 elementor-section-boxed elementor-section-height-default elementor-section-height-default\" data-id=\"c072d78\" data-element_type=\"section\">\n\t\t\t\t\t\t<div class=\"elementor-container elementor-column-gap-default\">\n\t\t\t\t\t<div class=\"elementor-column elementor-col-66 elementor-top-column elementor-element elementor-element-89b900b\" data-id=\"89b900b\" data-element_type=\"column\">\n\t\t\t<div class=\"elementor-widget-wrap elementor-element-populated\">\n\t\t\t\t\t\t\t\t<div class=\"elementor-element elementor-element-43bbd51 elementor-widget elementor-widget-heading\" data-id=\"43bbd51\" data-element_type=\"widget\" data-widget_type=\"heading.default\">\n\t\t\t\t<div class=\"elementor-widget-container\">\n\t\t\t<h2 class=\"elementor-heading-title elementor-size-xl\">Rendezv\u00e9ny Pince B\u00e9rl\u00e9s<\/h2>\t\t<\/div>\n\t\t\t\t<\/div>\n\t\t\t\t\t<\/div>\n\t\t<\/div>\n\t\t\t\t<div class=\"elementor-column elementor-col-33 elementor-top-column elementor-element elementor-element-e06f955\" data-id=\"e06f955\" data-element_type=\"column\">\n\t\t\t<div class=\"elementor-widget-wrap elementor-element-populated\">\n\t\t\t\t\t\t\t\t<div class=\"elementor-element elementor-element-ab1ae5d elementor-view-framed elementor-position-top elementor-shape-circle elementor-mobile-position-top elementor-vertical-align-top elementor-widget elementor-widget-icon-box\" data-id=\"ab1ae5d\" data-element_type=\"widget\" data-settings=\"{&quot;_animation&quot;:&quot;none&quot;}\" data-widget_type=\"icon-box.default\">\n\t\t\t\t<div class=\"elementor-widget-container\">\n\t\t\t<link rel=\"stylesheet\" href=\"https:\/\/www.patyipincehegy.hu\/wp-content\/plugins\/elementor\/assets\/css\/widget-icon-box.min.css\">\t\t<div class=\"elementor-icon-box-wrapper\">\n\t\t\t\t\t\t<div class=\"elementor-icon-box-icon\">\n\t\t\t\t<span class=\"elementor-icon elementor-animation-\" >\n\t\t\t\t<i aria-hidden=\"true\" class=\"fas fa-star\"><\/i>\t\t\t\t<\/span>\n\t\t\t<\/div>\n\t\t\t\t\t\t<div class=\"elementor-icon-box-content\">\n\t\t\t\t<h3 class=\"elementor-icon-box-title\">\n\t\t\t\t\t<span  >\n\t\t\t\t\t\tKapcsolat\t\t\t\t\t<\/span>\n\t\t\t\t<\/h3>\n\t\t\t\t\t\t\t<\/div>\n\t\t<\/div>\n\t\t\t\t<\/div>\n\t\t\t\t<\/div>\n\t\t\t\t\t<\/div>\n\t\t<\/div>\n\t\t\t\t\t\t\t<\/div>\n\t\t<\/section>\n\t\t\t\t\t\t\t<\/div>\n\t\t","protected":false},"excerpt":{"rendered":"<p>Rendzv\u00e9ny Pince Lorem ipsum dolor sit amet, consectetur adipiscing elit. Ut elit tellus, luctus nec ullamcorper mattis, pulvinar dapibus leo.&nbsp;Lorem ipsum dolor sit amet, consectetur adipiscing elit. Ut elit tellus, luctus nec ullamcorper mattis, pulvinar dapibus leo. Lorem ipsum dolor sit amet, consectetur adipiscing elit. Ut elit tellus, luctus nec ullamcorper mattis, pulvinar dapibus leo. [&hellip;]<\/p>\n","protected":false},"author":1,"featured_media":0,"parent":0,"menu_order":0,"comment_status":"closed","ping_status":"closed","template":"elementor_header_footer","meta":{"_monsterinsights_skip_tracking":false,"_monsterinsights_sitenote_active":false,"_monsterinsights_sitenote_note":"","_monsterinsights_sitenote_category":0},"yoast_head":"<!-- This site is optimized with the Yoast SEO plugin v18.6 - https:\/\/yoast.com\/wordpress\/plugins\/seo\/ -->\n<title>Rendezv\u00e9ny Pince - P\u00e1tyi Pincehegy<\/title>\n<meta name=\"robots\" content=\"index, follow, max-snippet:-1, max-image-preview:large, max-video-preview:-1\" \/>\n<link rel=\"canonical\" href=\"https:\/\/www.patyipincehegy.hu\/?page_id=57\" \/>\n<meta property=\"og:locale\" content=\"hu_HU\" \/>\n<meta property=\"og:type\" content=\"article\" \/>\n<meta property=\"og:title\" content=\"Rendezv\u00e9ny Pince - P\u00e1tyi Pincehegy\" \/>\n<meta property=\"og:description\" content=\"Rendzv\u00e9ny Pince Lorem ipsum dolor sit amet, consectetur adipiscing elit. Ut elit tellus, luctus nec ullamcorper mattis, pulvinar dapibus leo.&nbsp;Lorem ipsum dolor sit amet, consectetur adipiscing elit. Ut elit tellus, luctus nec ullamcorper mattis, pulvinar dapibus leo. Lorem ipsum dolor sit amet, consectetur adipiscing elit. Ut elit tellus, luctus nec ullamcorper mattis, pulvinar dapibus leo. [&hellip;]\" \/>\n<meta property=\"og:url\" content=\"https:\/\/www.patyipincehegy.hu\/?page_id=57\" \/>\n<meta property=\"og:site_name\" content=\"P\u00e1tyi Pincehegy\" \/>\n<meta property=\"article:modified_time\" content=\"2022-04-21T13:14:15+00:00\" \/>\n<meta property=\"og:image\" content=\"https:\/\/www.patyipincehegy.hu\/wp-content\/uploads\/2022\/04\/maxresdefault-1024x576.jpg\" \/>\n<meta name=\"twitter:card\" content=\"summary_large_image\" \/>\n<meta name=\"twitter:label1\" content=\"Becs\u00fclt olvas\u00e1si id\u0151\" \/>\n\t<meta name=\"twitter:data1\" content=\"2 perc\" \/>\n<script type=\"application\/ld+json\" class=\"yoast-schema-graph\">{\"@context\":\"https:\/\/schema.org\",\"@graph\":[{\"@type\":\"WebSite\",\"@id\":\"https:\/\/www.patyipincehegy.hu\/#website\",\"url\":\"https:\/\/www.patyipincehegy.hu\/\",\"name\":\"P\u00e1tyi Pincehegy\",\"description\":\"Pinc\u00e9k | S\u00e9t\u00e1k | Borok | Rendezv\u00e9nyek\",\"potentialAction\":[{\"@type\":\"SearchAction\",\"target\":{\"@type\":\"EntryPoint\",\"urlTemplate\":\"https:\/\/www.patyipincehegy.hu\/?s={search_term_string}\"},\"query-input\":\"required name=search_term_string\"}],\"inLanguage\":\"hu\"},{\"@type\":\"ImageObject\",\"@id\":\"https:\/\/www.patyipincehegy.hu\/?page_id=57#primaryimage\",\"inLanguage\":\"hu\",\"url\":\"https:\/\/www.patyipincehegy.hu\/wp-content\/uploads\/2022\/04\/maxresdefault.jpg\",\"contentUrl\":\"https:\/\/www.patyipincehegy.hu\/wp-content\/uploads\/2022\/04\/maxresdefault.jpg\",\"width\":1280,\"height\":720},{\"@type\":\"WebPage\",\"@id\":\"https:\/\/www.patyipincehegy.hu\/?page_id=57#webpage\",\"url\":\"https:\/\/www.patyipincehegy.hu\/?page_id=57\",\"name\":\"Rendezv\u00e9ny Pince - P\u00e1tyi Pincehegy\",\"isPartOf\":{\"@id\":\"https:\/\/www.patyipincehegy.hu\/#website\"},\"primaryImageOfPage\":{\"@id\":\"https:\/\/www.patyipincehegy.hu\/?page_id=57#primaryimage\"},\"datePublished\":\"2022-04-21T11:37:09+00:00\",\"dateModified\":\"2022-04-21T13:14:15+00:00\",\"breadcrumb\":{\"@id\":\"https:\/\/www.patyipincehegy.hu\/?page_id=57#breadcrumb\"},\"inLanguage\":\"hu\",\"potentialAction\":[{\"@type\":\"ReadAction\",\"target\":[\"https:\/\/www.patyipincehegy.hu\/?page_id=57\"]}]},{\"@type\":\"BreadcrumbList\",\"@id\":\"https:\/\/www.patyipincehegy.hu\/?page_id=57#breadcrumb\",\"itemListElement\":[{\"@type\":\"ListItem\",\"position\":1,\"name\":\"Home\",\"item\":\"https:\/\/www.patyipincehegy.hu\/\"},{\"@type\":\"ListItem\",\"position\":2,\"name\":\"Rendezv\u00e9ny Pince\"}]}]}<\/script>\n<!-- \/ Yoast SEO plugin. -->","yoast_head_json":{"title":"Rendezv\u00e9ny Pince - P\u00e1tyi Pincehegy","robots":{"index":"index","follow":"follow","max-snippet":"max-snippet:-1","max-image-preview":"max-image-preview:large","max-video-preview":"max-video-preview:-1"},"canonical":"https:\/\/www.patyipincehegy.hu\/?page_id=57","og_locale":"hu_HU","og_type":"article","og_title":"Rendezv\u00e9ny Pince - P\u00e1tyi Pincehegy","og_description":"Rendzv\u00e9ny Pince Lorem ipsum dolor sit amet, consectetur adipiscing elit. Ut elit tellus, luctus nec ullamcorper mattis, pulvinar dapibus leo.&nbsp;Lorem ipsum dolor sit amet, consectetur adipiscing elit. Ut elit tellus, luctus nec ullamcorper mattis, pulvinar dapibus leo. Lorem ipsum dolor sit amet, consectetur adipiscing elit. Ut elit tellus, luctus nec ullamcorper mattis, pulvinar dapibus leo. [&hellip;]","og_url":"https:\/\/www.patyipincehegy.hu\/?page_id=57","og_site_name":"P\u00e1tyi Pincehegy","article_modified_time":"2022-04-21T13:14:15+00:00","og_image":[{"url":"https:\/\/www.patyipincehegy.hu\/wp-content\/uploads\/2022\/04\/maxresdefault-1024x576.jpg"}],"twitter_card":"summary_large_image","twitter_misc":{"Becs\u00fclt olvas\u00e1si id\u0151":"2 perc"},"schema":{"@context":"https:\/\/schema.org","@graph":[{"@type":"WebSite","@id":"https:\/\/www.patyipincehegy.hu\/#website","url":"https:\/\/www.patyipincehegy.hu\/","name":"P\u00e1tyi Pincehegy","description":"Pinc\u00e9k | S\u00e9t\u00e1k | Borok | Rendezv\u00e9nyek","potentialAction":[{"@type":"SearchAction","target":{"@type":"EntryPoint","urlTemplate":"https:\/\/www.patyipincehegy.hu\/?s={search_term_string}"},"query-input":"required name=search_term_string"}],"inLanguage":"hu"},{"@type":"ImageObject","@id":"https:\/\/www.patyipincehegy.hu\/?page_id=57#primaryimage","inLanguage":"hu","url":"https:\/\/www.patyipincehegy.hu\/wp-content\/uploads\/2022\/04\/maxresdefault.jpg","contentUrl":"https:\/\/www.patyipincehegy.hu\/wp-content\/uploads\/2022\/04\/maxresdefault.jpg","width":1280,"height":720},{"@type":"WebPage","@id":"https:\/\/www.patyipincehegy.hu\/?page_id=57#webpage","url":"https:\/\/www.patyipincehegy.hu\/?page_id=57","name":"Rendezv\u00e9ny Pince - P\u00e1tyi Pincehegy","isPartOf":{"@id":"https:\/\/www.patyipincehegy.hu\/#website"},"primaryImageOfPage":{"@id":"https:\/\/www.patyipincehegy.hu\/?page_id=57#primaryimage"},"datePublished":"2022-04-21T11:37:09+00:00","dateModified":"2022-04-21T13:14:15+00:00","breadcrumb":{"@id":"https:\/\/www.patyipincehegy.hu\/?page_id=57#breadcrumb"},"inLanguage":"hu","potentialAction":[{"@type":"ReadAction","target":["https:\/\/www.patyipincehegy.hu\/?page_id=57"]}]},{"@type":"BreadcrumbList","@id":"https:\/\/www.patyipincehegy.hu\/?page_id=57#breadcrumb","itemListElement":[{"@type":"ListItem","position":1,"name":"Home","item":"https:\/\/www.patyipincehegy.hu\/"},{"@type":"ListItem","position":2,"name":"Rendezv\u00e9ny Pince"}]}]}},"_links":{"self":[{"href":"https:\/\/www.patyipincehegy.hu\/index.php?rest_route=\/wp\/v2\/pages\/57"}],"collection":[{"href":"https:\/\/www.patyipincehegy.hu\/index.php?rest_route=\/wp\/v2\/pages"}],"about":[{"href":"https:\/\/www.patyipincehegy.hu\/index.php?rest_route=\/wp\/v2\/types\/page"}],"author":[{"embeddable":true,"href":"https:\/\/www.patyipincehegy.hu\/index.php?rest_route=\/wp\/v2\/users\/1"}],"replies":[{"embeddable":true,"href":"https:\/\/www.patyipincehegy.hu\/index.php?rest_route=%2Fwp%2Fv2%2Fcomments&post=57"}],"version-history":[{"count":6,"href":"https:\/\/www.patyipincehegy.hu\/index.php?rest_route=\/wp\/v2\/pages\/57\/revisions"}],"predecessor-version":[{"id":77,"href":"https:\/\/www.patyipincehegy.hu\/index.php?rest_route=\/wp\/v2\/pages\/57\/revisions\/77"}],"wp:attachment":[{"href":"https:\/\/www.patyipincehegy.hu\/index.php?rest_route=%2Fwp%2Fv2%2Fmedia&parent=57"}],"curies":[{"name":"wp","href":"https:\/\/api.w.org\/{rel}","templated":true}]}}