{"id":8,"date":"2022-04-21T11:10:43","date_gmt":"2022-04-21T11:10:43","guid":{"rendered":"https:\/\/www.patyipincehegy.hu\/?page_id=8"},"modified":"2022-04-21T11:10:50","modified_gmt":"2022-04-21T11:10:50","slug":"contact-us","status":"publish","type":"page","link":"https:\/\/www.patyipincehegy.hu\/?page_id=8","title":{"rendered":"Contact Us"},"content":{"rendered":"\t\t<div data-elementor-type=\"wp-page\" data-elementor-id=\"8\" class=\"elementor elementor-8\">\n\t\t\t\t\t\t\t\t\t<section class=\"elementor-section elementor-top-section elementor-element elementor-element-7f3bf0c elementor-section-content-middle elementor-section-height-min-height elementor-section-items-stretch elementor-section-boxed elementor-section-height-default\" data-id=\"7f3bf0c\" data-element_type=\"section\">\n\t\t\t\t\t\t<div class=\"elementor-container elementor-column-gap-no\">\n\t\t\t\t\t<div class=\"elementor-column elementor-col-50 elementor-top-column elementor-element elementor-element-7b12ce43\" data-id=\"7b12ce43\" data-element_type=\"column\">\n\t\t\t<div class=\"elementor-widget-wrap elementor-element-populated\">\n\t\t\t\t\t\t\t\t<div class=\"elementor-element elementor-element-4ecc2c97 elementor-invisible elementor-widget elementor-widget-heading\" data-id=\"4ecc2c97\" data-element_type=\"widget\" data-settings=\"{&quot;_animation&quot;:&quot;fadeIn&quot;}\" data-widget_type=\"heading.default\">\n\t\t\t\t<div class=\"elementor-widget-container\">\n\t\t\t<style>\/*! elementor - v3.6.4 - 13-04-2022 *\/\n.elementor-heading-title{padding:0;margin:0;line-height:1}.elementor-widget-heading .elementor-heading-title[class*=elementor-size-]>a{color:inherit;font-size:inherit;line-height:inherit}.elementor-widget-heading .elementor-heading-title.elementor-size-small{font-size:15px}.elementor-widget-heading .elementor-heading-title.elementor-size-medium{font-size:19px}.elementor-widget-heading .elementor-heading-title.elementor-size-large{font-size:29px}.elementor-widget-heading .elementor-heading-title.elementor-size-xl{font-size:39px}.elementor-widget-heading .elementor-heading-title.elementor-size-xxl{font-size:59px}<\/style><h2 class=\"elementor-heading-title elementor-size-default\">Contact Us<\/h2>\t\t<\/div>\n\t\t\t\t<\/div>\n\t\t\t\t<div class=\"elementor-element elementor-element-2d09150c elementor-widget elementor-widget-text-editor\" data-id=\"2d09150c\" data-element_type=\"widget\" data-widget_type=\"text-editor.default\">\n\t\t\t\t<div class=\"elementor-widget-container\">\n\t\t\t<style>\/*! elementor - v3.6.4 - 13-04-2022 *\/\n.elementor-widget-text-editor.elementor-drop-cap-view-stacked .elementor-drop-cap{background-color:#818a91;color:#fff}.elementor-widget-text-editor.elementor-drop-cap-view-framed .elementor-drop-cap{color:#818a91;border:3px solid;background-color:transparent}.elementor-widget-text-editor:not(.elementor-drop-cap-view-default) .elementor-drop-cap{margin-top:8px}.elementor-widget-text-editor:not(.elementor-drop-cap-view-default) .elementor-drop-cap-letter{width:1em;height:1em}.elementor-widget-text-editor .elementor-drop-cap{float:left;text-align:center;line-height:1;font-size:50px}.elementor-widget-text-editor .elementor-drop-cap-letter{display:inline-block}<\/style>\t\t\t\t<p>We would love to hear from you.<br \/>Feel free to reach out using the below details.<\/p>\t\t\t\t\t\t<\/div>\n\t\t\t\t<\/div>\n\t\t\t\t\t<\/div>\n\t\t<\/div>\n\t\t\t\t<div class=\"elementor-column elementor-col-50 elementor-top-column elementor-element elementor-element-4a3e7bd3\" data-id=\"4a3e7bd3\" data-element_type=\"column\" data-settings=\"{&quot;background_background&quot;:&quot;classic&quot;}\">\n\t\t\t<div class=\"elementor-widget-wrap elementor-element-populated\">\n\t\t\t\t\t\t\t\t<div class=\"elementor-element elementor-element-4c458d13 elementor-widget elementor-widget-spacer\" data-id=\"4c458d13\" data-element_type=\"widget\" data-widget_type=\"spacer.default\">\n\t\t\t\t<div class=\"elementor-widget-container\">\n\t\t\t<style>\/*! elementor - v3.6.4 - 13-04-2022 *\/\n.e-container.e-container--row .elementor-spacer-inner{width:var(--spacer-size)}.e-container.e-container--column .elementor-spacer-inner,.elementor-column .elementor-spacer-inner{height:var(--spacer-size)}<\/style>\t\t<div class=\"elementor-spacer\">\n\t\t\t<div class=\"elementor-spacer-inner\"><\/div>\n\t\t<\/div>\n\t\t\t\t<\/div>\n\t\t\t\t<\/div>\n\t\t\t\t\t<\/div>\n\t\t<\/div>\n\t\t\t\t\t\t\t<\/div>\n\t\t<\/section>\n\t\t\t\t<section class=\"elementor-section elementor-top-section elementor-element elementor-element-5cc5b335 elementor-section-content-middle elementor-reverse-mobile elementor-section-height-min-height elementor-section-items-stretch elementor-section-boxed elementor-section-height-default\" data-id=\"5cc5b335\" data-element_type=\"section\">\n\t\t\t\t\t\t<div class=\"elementor-container elementor-column-gap-no\">\n\t\t\t\t\t<div class=\"elementor-column elementor-col-50 elementor-top-column elementor-element elementor-element-49818f75\" data-id=\"49818f75\" data-element_type=\"column\" data-settings=\"{&quot;background_background&quot;:&quot;classic&quot;}\">\n\t\t\t<div class=\"elementor-widget-wrap elementor-element-populated\">\n\t\t\t\t\t\t\t\t<div class=\"elementor-element elementor-element-5e132f2f elementor-widget elementor-widget-image\" data-id=\"5e132f2f\" data-element_type=\"widget\" data-widget_type=\"image.default\">\n\t\t\t\t<div class=\"elementor-widget-container\">\n\t\t\t<style>\/*! elementor - v3.6.4 - 13-04-2022 *\/\n.elementor-widget-image{text-align:center}.elementor-widget-image a{display:inline-block}.elementor-widget-image a img[src$=\".svg\"]{width:48px}.elementor-widget-image img{vertical-align:middle;display:inline-block}<\/style>\t\t\t\t\t\t\t\t\t\t\t\t<img width=\"640\" height=\"521\" src=\"https:\/\/www.patyipincehegy.hu\/wp-content\/uploads\/2022\/04\/Image_Placeholder-1024x833.jpg\" class=\"attachment-large size-large\" alt=\"\" loading=\"lazy\" srcset=\"https:\/\/www.patyipincehegy.hu\/wp-content\/uploads\/2022\/04\/Image_Placeholder-1024x833.jpg 1024w, https:\/\/www.patyipincehegy.hu\/wp-content\/uploads\/2022\/04\/Image_Placeholder-300x244.jpg 300w, https:\/\/www.patyipincehegy.hu\/wp-content\/uploads\/2022\/04\/Image_Placeholder-768x624.jpg 768w, https:\/\/www.patyipincehegy.hu\/wp-content\/uploads\/2022\/04\/Image_Placeholder.jpg 1027w\" sizes=\"(max-width: 640px) 100vw, 640px\" \/>\t\t\t\t\t\t\t\t\t\t\t\t\t\t\t<\/div>\n\t\t\t\t<\/div>\n\t\t\t\t\t<\/div>\n\t\t<\/div>\n\t\t\t\t<div class=\"elementor-column elementor-col-50 elementor-top-column elementor-element elementor-element-fec0587\" data-id=\"fec0587\" data-element_type=\"column\">\n\t\t\t<div class=\"elementor-widget-wrap elementor-element-populated\">\n\t\t\t\t\t\t\t\t<div class=\"elementor-element elementor-element-748723ee elementor-widget elementor-widget-text-editor\" data-id=\"748723ee\" data-element_type=\"widget\" data-widget_type=\"text-editor.default\">\n\t\t\t\t<div class=\"elementor-widget-container\">\n\t\t\t\t\t\t\t<p><strong>Address:<\/strong> 123 Main Street, New York, NY 10001<\/p><p><strong>hours:<\/strong> Mon-Fri 9:00AM &#8211; 5:00PM<\/p><p><strong>phone:<\/strong> 123-456-7890<\/p><p><strong>Email:<\/strong> contact@mysite.com<\/p>\t\t\t\t\t\t<\/div>\n\t\t\t\t<\/div>\n\t\t\t\t\t<\/div>\n\t\t<\/div>\n\t\t\t\t\t\t\t<\/div>\n\t\t<\/section>\n\t\t\t\t\t\t\t<\/div>\n\t\t","protected":false},"excerpt":{"rendered":"<p>Contact Us We would love to hear from you.Feel free to reach out using the below details. Address: 123 Main Street, New York, NY 10001 hours: Mon-Fri 9:00AM &#8211; 5:00PM phone: 123-456-7890 Email: contact@mysite.com<\/p>\n","protected":false},"author":1,"featured_media":0,"parent":0,"menu_order":0,"comment_status":"closed","ping_status":"closed","template":"elementor_header_footer","meta":{"_monsterinsights_skip_tracking":false,"_monsterinsights_sitenote_active":false,"_monsterinsights_sitenote_note":"","_monsterinsights_sitenote_category":0},"yoast_head":"<!-- This site is optimized with the Yoast SEO plugin v18.6 - https:\/\/yoast.com\/wordpress\/plugins\/seo\/ -->\n<title>Contact Us - P\u00e1tyi Pincehegy<\/title>\n<meta name=\"robots\" content=\"index, follow, max-snippet:-1, max-image-preview:large, max-video-preview:-1\" \/>\n<link rel=\"canonical\" href=\"https:\/\/www.patyipincehegy.hu\/?page_id=8\" \/>\n<meta property=\"og:locale\" content=\"hu_HU\" \/>\n<meta property=\"og:type\" content=\"article\" \/>\n<meta property=\"og:title\" content=\"Contact Us - P\u00e1tyi Pincehegy\" \/>\n<meta property=\"og:description\" content=\"Contact Us We would love to hear from you.Feel free to reach out using the below details. Address: 123 Main Street, New York, NY 10001 hours: Mon-Fri 9:00AM &#8211; 5:00PM phone: 123-456-7890 Email: contact@mysite.com\" \/>\n<meta property=\"og:url\" content=\"https:\/\/www.patyipincehegy.hu\/?page_id=8\" \/>\n<meta property=\"og:site_name\" content=\"P\u00e1tyi Pincehegy\" \/>\n<meta property=\"article:modified_time\" content=\"2022-04-21T11:10:50+00:00\" \/>\n<meta property=\"og:image\" content=\"https:\/\/www.patyipincehegy.hu\/wp-content\/uploads\/2022\/04\/Image_Placeholder-1024x833.jpg\" \/>\n<meta name=\"twitter:card\" content=\"summary_large_image\" \/>\n<script type=\"application\/ld+json\" class=\"yoast-schema-graph\">{\"@context\":\"https:\/\/schema.org\",\"@graph\":[{\"@type\":\"WebSite\",\"@id\":\"https:\/\/www.patyipincehegy.hu\/#website\",\"url\":\"https:\/\/www.patyipincehegy.hu\/\",\"name\":\"P\u00e1tyi Pincehegy\",\"description\":\"Pinc\u00e9k | S\u00e9t\u00e1k | Borok | Rendezv\u00e9nyek\",\"potentialAction\":[{\"@type\":\"SearchAction\",\"target\":{\"@type\":\"EntryPoint\",\"urlTemplate\":\"https:\/\/www.patyipincehegy.hu\/?s={search_term_string}\"},\"query-input\":\"required name=search_term_string\"}],\"inLanguage\":\"hu\"},{\"@type\":\"ImageObject\",\"@id\":\"https:\/\/www.patyipincehegy.hu\/?page_id=8#primaryimage\",\"inLanguage\":\"hu\",\"url\":\"https:\/\/www.patyipincehegy.hu\/wp-content\/uploads\/2022\/04\/Image_Placeholder.jpg\",\"contentUrl\":\"https:\/\/www.patyipincehegy.hu\/wp-content\/uploads\/2022\/04\/Image_Placeholder.jpg\",\"width\":1027,\"height\":835},{\"@type\":\"WebPage\",\"@id\":\"https:\/\/www.patyipincehegy.hu\/?page_id=8#webpage\",\"url\":\"https:\/\/www.patyipincehegy.hu\/?page_id=8\",\"name\":\"Contact Us - P\u00e1tyi Pincehegy\",\"isPartOf\":{\"@id\":\"https:\/\/www.patyipincehegy.hu\/#website\"},\"primaryImageOfPage\":{\"@id\":\"https:\/\/www.patyipincehegy.hu\/?page_id=8#primaryimage\"},\"datePublished\":\"2022-04-21T11:10:43+00:00\",\"dateModified\":\"2022-04-21T11:10:50+00:00\",\"breadcrumb\":{\"@id\":\"https:\/\/www.patyipincehegy.hu\/?page_id=8#breadcrumb\"},\"inLanguage\":\"hu\",\"potentialAction\":[{\"@type\":\"ReadAction\",\"target\":[\"https:\/\/www.patyipincehegy.hu\/?page_id=8\"]}]},{\"@type\":\"BreadcrumbList\",\"@id\":\"https:\/\/www.patyipincehegy.hu\/?page_id=8#breadcrumb\",\"itemListElement\":[{\"@type\":\"ListItem\",\"position\":1,\"name\":\"Home\",\"item\":\"https:\/\/www.patyipincehegy.hu\/\"},{\"@type\":\"ListItem\",\"position\":2,\"name\":\"Contact Us\"}]}]}<\/script>\n<!-- \/ Yoast SEO plugin. -->","yoast_head_json":{"title":"Contact Us - P\u00e1tyi Pincehegy","robots":{"index":"index","follow":"follow","max-snippet":"max-snippet:-1","max-image-preview":"max-image-preview:large","max-video-preview":"max-video-preview:-1"},"canonical":"https:\/\/www.patyipincehegy.hu\/?page_id=8","og_locale":"hu_HU","og_type":"article","og_title":"Contact Us - P\u00e1tyi Pincehegy","og_description":"Contact Us We would love to hear from you.Feel free to reach out using the below details. Address: 123 Main Street, New York, NY 10001 hours: Mon-Fri 9:00AM &#8211; 5:00PM phone: 123-456-7890 Email: contact@mysite.com","og_url":"https:\/\/www.patyipincehegy.hu\/?page_id=8","og_site_name":"P\u00e1tyi Pincehegy","article_modified_time":"2022-04-21T11:10:50+00:00","og_image":[{"url":"https:\/\/www.patyipincehegy.hu\/wp-content\/uploads\/2022\/04\/Image_Placeholder-1024x833.jpg"}],"twitter_card":"summary_large_image","schema":{"@context":"https:\/\/schema.org","@graph":[{"@type":"WebSite","@id":"https:\/\/www.patyipincehegy.hu\/#website","url":"https:\/\/www.patyipincehegy.hu\/","name":"P\u00e1tyi Pincehegy","description":"Pinc\u00e9k | S\u00e9t\u00e1k | Borok | Rendezv\u00e9nyek","potentialAction":[{"@type":"SearchAction","target":{"@type":"EntryPoint","urlTemplate":"https:\/\/www.patyipincehegy.hu\/?s={search_term_string}"},"query-input":"required name=search_term_string"}],"inLanguage":"hu"},{"@type":"ImageObject","@id":"https:\/\/www.patyipincehegy.hu\/?page_id=8#primaryimage","inLanguage":"hu","url":"https:\/\/www.patyipincehegy.hu\/wp-content\/uploads\/2022\/04\/Image_Placeholder.jpg","contentUrl":"https:\/\/www.patyipincehegy.hu\/wp-content\/uploads\/2022\/04\/Image_Placeholder.jpg","width":1027,"height":835},{"@type":"WebPage","@id":"https:\/\/www.patyipincehegy.hu\/?page_id=8#webpage","url":"https:\/\/www.patyipincehegy.hu\/?page_id=8","name":"Contact Us - P\u00e1tyi Pincehegy","isPartOf":{"@id":"https:\/\/www.patyipincehegy.hu\/#website"},"primaryImageOfPage":{"@id":"https:\/\/www.patyipincehegy.hu\/?page_id=8#primaryimage"},"datePublished":"2022-04-21T11:10:43+00:00","dateModified":"2022-04-21T11:10:50+00:00","breadcrumb":{"@id":"https:\/\/www.patyipincehegy.hu\/?page_id=8#breadcrumb"},"inLanguage":"hu","potentialAction":[{"@type":"ReadAction","target":["https:\/\/www.patyipincehegy.hu\/?page_id=8"]}]},{"@type":"BreadcrumbList","@id":"https:\/\/www.patyipincehegy.hu\/?page_id=8#breadcrumb","itemListElement":[{"@type":"ListItem","position":1,"name":"Home","item":"https:\/\/www.patyipincehegy.hu\/"},{"@type":"ListItem","position":2,"name":"Contact Us"}]}]}},"_links":{"self":[{"href":"https:\/\/www.patyipincehegy.hu\/index.php?rest_route=\/wp\/v2\/pages\/8"}],"collection":[{"href":"https:\/\/www.patyipincehegy.hu\/index.php?rest_route=\/wp\/v2\/pages"}],"about":[{"href":"https:\/\/www.patyipincehegy.hu\/index.php?rest_route=\/wp\/v2\/types\/page"}],"author":[{"embeddable":true,"href":"https:\/\/www.patyipincehegy.hu\/index.php?rest_route=\/wp\/v2\/users\/1"}],"replies":[{"embeddable":true,"href":"https:\/\/www.patyipincehegy.hu\/index.php?rest_route=%2Fwp%2Fv2%2Fcomments&post=8"}],"version-history":[{"count":3,"href":"https:\/\/www.patyipincehegy.hu\/index.php?rest_route=\/wp\/v2\/pages\/8\/revisions"}],"predecessor-version":[{"id":36,"href":"https:\/\/www.patyipincehegy.hu\/index.php?rest_route=\/wp\/v2\/pages\/8\/revisions\/36"}],"wp:attachment":[{"href":"https:\/\/www.patyipincehegy.hu\/index.php?rest_route=%2Fwp%2Fv2%2Fmedia&parent=8"}],"curies":[{"name":"wp","href":"https:\/\/api.w.org\/{rel}","templated":true}]}}